{"id":224,"date":"2017-04-24T19:57:05","date_gmt":"2017-04-24T22:57:05","guid":{"rendered":"http:\/\/www.rhgl.com.br\/?page_id=224"},"modified":"2017-05-04T20:26:06","modified_gmt":"2017-05-04T23:26:06","slug":"parceiros","status":"publish","type":"page","link":"https:\/\/www.rhgl.com.br\/?page_id=224","title":{"rendered":"Parceiros"},"content":{"rendered":"<div class=\"titulo-interno\"><\/div>\n<p>&nbsp;<\/p>\n<table border=\"0\" cellspacing=\"0\" cellpadding=\"0\">\n<tbody>\n<tr valign=\"middle\">\n<td width=\"230\"><img loading=\"lazy\" decoding=\"async\" class=\"alignnone wp-image-229\" src=\"http:\/\/www.rhgl.com.br\/wp-content\/uploads\/netapp.png\" alt=\"\" width=\"200\" height=\"60\" srcset=\"https:\/\/www.rhgl.com.br\/wp-content\/uploads\/netapp.png 500w, https:\/\/www.rhgl.com.br\/wp-content\/uploads\/netapp-300x89.png 300w\" sizes=\"(max-width: 200px) 100vw, 200px\" \/><\/td>\n<td>Lideran\u00e7a em storage e gerenciamento de dados Dedica\u00e7\u00e3o ao seu sucesso, agora e no futuro.\u00a0Desde a sua funda\u00e7\u00e3o, em 1992, a NetApp ajuda empresas de todos os portes a obter vantagem competitiva, inovando com mais rapidez e economia do que os concorrentes. Globalmente, fornecedores de servi\u00e7os atendem a mais de um bilh\u00e3o de clientes com servi\u00e7os desenvolvidos com a NetApp. Empresas de m\u00eddia expandem os limites da imagina\u00e7\u00e3o e do desempenho com a ajuda da NetApp. Empresas de Internet acompanham o crescimento dos dados e a demanda por novos servi\u00e7os usando nossa arquitetura de storage flex\u00edvel. Empresas de jogos usam o storage da NetApp para se tornarem pioneiras e assim conquistarem vantagens. Bancos e gigantes financeiros confiam na NetApp para armazenar, manter, proteger e fornecer dados cr\u00edticos para os neg\u00f3cios<br \/>\n<a href=\"http:\/\/www.netapp.com.br\">www.netapp.com.br<\/a><\/td>\n<\/tr>\n<p><!--\n\n\n<tr>\n\n\n<td colspan=\"2\" height=\"40\"><img loading=\"lazy\" decoding=\"async\" class=\"alignnone size-full wp-image-237\" src=\"http:\/\/www.rhgl.com.br\/wp-content\/uploads\/line-news-home.jpg\" alt=\"\" width=\"370\" height=\"10\" srcset=\"https:\/\/www.rhgl.com.br\/wp-content\/uploads\/line-news-home.jpg 370w, https:\/\/www.rhgl.com.br\/wp-content\/uploads\/line-news-home-300x8.jpg 300w\" sizes=\"(max-width: 370px) 100vw, 370px\" \/><\/td>\n\n\n<\/tr>\n\n\n\n\n<tr valign=\"middle\">\n\n\n<td><img loading=\"lazy\" decoding=\"async\" class=\"alignnone size-full wp-image-235\" src=\"http:\/\/www.rhgl.com.br\/wp-content\/uploads\/f5networks.jpg\" alt=\"\" width=\"188\" height=\"59\" \/><\/td>\n\n\n\n\n<td><span class=\"SubItemTela\">F5 Networks<\/span>\n<a href=\"http:\/\/www.f5.com\/\" target=\"_blank\">www.f5.com<\/a><\/td>\n\n\n<\/tr>\n\n\n\n\n<tr>\n\n\n<td colspan=\"2\" height=\"40\"><img loading=\"lazy\" decoding=\"async\" class=\"alignnone size-full wp-image-237\" src=\"http:\/\/www.rhgl.com.br\/wp-content\/uploads\/line-news-home.jpg\" alt=\"\" width=\"370\" height=\"10\" srcset=\"https:\/\/www.rhgl.com.br\/wp-content\/uploads\/line-news-home.jpg 370w, https:\/\/www.rhgl.com.br\/wp-content\/uploads\/line-news-home-300x8.jpg 300w\" sizes=\"(max-width: 370px) 100vw, 370px\" \/><\/td>\n\n\n<\/tr>\n\n\n\n\n<tr valign=\"middle\">\n\n\n<td><img loading=\"lazy\" decoding=\"async\" class=\"alignnone size-full wp-image-236\" src=\"http:\/\/www.rhgl.com.br\/wp-content\/uploads\/rsa.jpg\" alt=\"\" width=\"190\" height=\"64\" \/><\/td>\n\n\n\n\n<td><span class=\"SubItemTela\">RSA Security<\/span>\n<a href=\"http:\/\/www.rsa.com\/\" target=\"_blank\">www.rsa.com<\/a><\/td>\n\n\n<\/tr>\n\n\n\n\n<tr>\n\n\n<td colspan=\"2\" height=\"40\"><img loading=\"lazy\" decoding=\"async\" class=\"alignnone size-full wp-image-237\" src=\"http:\/\/www.rhgl.com.br\/wp-content\/uploads\/line-news-home.jpg\" alt=\"\" width=\"370\" height=\"10\" srcset=\"https:\/\/www.rhgl.com.br\/wp-content\/uploads\/line-news-home.jpg 370w, https:\/\/www.rhgl.com.br\/wp-content\/uploads\/line-news-home-300x8.jpg 300w\" sizes=\"(max-width: 370px) 100vw, 370px\" \/><\/td>\n\n\n<\/tr>\n\n\n\n\n<tr valign=\"middle\">\n\n\n<td align=\"center\"><img loading=\"lazy\" decoding=\"async\" class=\"alignnone wp-image-227\" src=\"http:\/\/www.rhgl.com.br\/wp-content\/uploads\/PAN_Logo.jpg\" alt=\"\" width=\"200\" height=\"48\" \/><\/td>\n\n\n\n\n<td><span class=\"SubItemTela\">Palo Alto Networks<\/span>\n<a href=\"http:\/\/www.paloaltonetworks.com\">www.paloaltonetworks.com<\/a><\/td>\n\n\n<\/tr>\n\n\n--><\/p>\n<tr>\n<td colspan=\"2\" height=\"40\"><img loading=\"lazy\" decoding=\"async\" class=\"alignnone size-full wp-image-237\" src=\"http:\/\/www.rhgl.com.br\/wp-content\/uploads\/line-news-home.jpg\" alt=\"\" width=\"370\" height=\"10\" srcset=\"https:\/\/www.rhgl.com.br\/wp-content\/uploads\/line-news-home.jpg 370w, https:\/\/www.rhgl.com.br\/wp-content\/uploads\/line-news-home-300x8.jpg 300w\" sizes=\"(max-width: 370px) 100vw, 370px\" \/><\/td>\n<\/tr>\n<tr valign=\"middle\">\n<td><img loading=\"lazy\" decoding=\"async\" class=\"alignnone wp-image-208\" src=\"http:\/\/www.rhgl.com.br\/wp-content\/uploads\/Kaspersky.png\" alt=\"\" width=\"200\" height=\"55\" srcset=\"https:\/\/www.rhgl.com.br\/wp-content\/uploads\/Kaspersky.png 2000w, https:\/\/www.rhgl.com.br\/wp-content\/uploads\/Kaspersky-300x83.png 300w, https:\/\/www.rhgl.com.br\/wp-content\/uploads\/Kaspersky-768x212.png 768w, https:\/\/www.rhgl.com.br\/wp-content\/uploads\/Kaspersky-1024x282.png 1024w\" sizes=\"(max-width: 200px) 100vw, 200px\" \/><\/td>\n<td>A Kaspersky Lab \u00e9 uma empresa internacional de seguran\u00e7a virtual fundada em 1997. A detalhada intelig\u00eancia de amea\u00e7as e a experi\u00eancia em seguran\u00e7a da Kaspersky Lab se transformam em solu\u00e7\u00f5es e servi\u00e7os de seguran\u00e7a para proteger empresas, infraestruturas cr\u00edticas, governos e consumidores em todo o mundo. O abrangente portf\u00f3lio de seguran\u00e7a da empresa inclui prote\u00e7\u00e3o de endpoints superior e in\u00fameras solu\u00e7\u00f5es e servi\u00e7os de seguran\u00e7a especializada para combater amea\u00e7as digitais sofisticadas e em evolu\u00e7\u00e3o. Mais de 400 milh\u00f5es de usu\u00e1rios s\u00e3o protegidos pelas tecnologias da Kaspersky Lab, e ajudamos 270.000 clientes corporativos a proteger o que \u00e9 mais importante para eles.<br \/>\n<a href=\"http:\/\/www.kaspersky.com.br\">www.kaspersky.com.br<\/a><\/td>\n<\/tr>\n<tr>\n<td colspan=\"2\" height=\"40\"><img loading=\"lazy\" decoding=\"async\" class=\"alignnone size-full wp-image-237\" src=\"http:\/\/www.rhgl.com.br\/wp-content\/uploads\/line-news-home.jpg\" alt=\"\" width=\"370\" height=\"10\" srcset=\"https:\/\/www.rhgl.com.br\/wp-content\/uploads\/line-news-home.jpg 370w, https:\/\/www.rhgl.com.br\/wp-content\/uploads\/line-news-home-300x8.jpg 300w\" sizes=\"(max-width: 370px) 100vw, 370px\" \/><\/td>\n<\/tr>\n<tr valign=\"middle\">\n<td><img loading=\"lazy\" decoding=\"async\" class=\"alignnone wp-image-221\" src=\"http:\/\/www.rhgl.com.br\/wp-content\/uploads\/hpe_pri_grn_pos_rgb.png\" alt=\"\" width=\"200\" height=\"84\" srcset=\"https:\/\/www.rhgl.com.br\/wp-content\/uploads\/hpe_pri_grn_pos_rgb.png 1600w, https:\/\/www.rhgl.com.br\/wp-content\/uploads\/hpe_pri_grn_pos_rgb-300x126.png 300w, https:\/\/www.rhgl.com.br\/wp-content\/uploads\/hpe_pri_grn_pos_rgb-768x324.png 768w, https:\/\/www.rhgl.com.br\/wp-content\/uploads\/hpe_pri_grn_pos_rgb-1024x431.png 1024w\" sizes=\"(max-width: 200px) 100vw, 200px\" \/><\/td>\n<td>Criar uma plataforma de tecnologia que ajuda sua empresa a prosperar em um mercado disruptivo requer experi\u00eancia e compreens\u00e3o de como os sistemas de TI interagem entre si\u2014e com as pessoas que os usam. A Hewlett Packard Enterprise ajuda nossos clientes a transformar rapidamente ideias em valor, por meio da agilidade da nuvem, dos insights conduzidos por dados para impulsionar a receita, e da colabora\u00e7\u00e3o segura, em qualquer lugar, a qualquer hora.<br \/>\n<a href=\"http:\/\/www.hpe.com\/br\/pt\/home.html\">www.hpe.com\/br<\/a><\/td>\n<\/tr>\n<tr>\n<td colspan=\"2\" height=\"40\"><img loading=\"lazy\" decoding=\"async\" class=\"alignnone size-full wp-image-237\" src=\"http:\/\/www.rhgl.com.br\/wp-content\/uploads\/line-news-home.jpg\" alt=\"\" width=\"370\" height=\"10\" srcset=\"https:\/\/www.rhgl.com.br\/wp-content\/uploads\/line-news-home.jpg 370w, https:\/\/www.rhgl.com.br\/wp-content\/uploads\/line-news-home-300x8.jpg 300w\" sizes=\"(max-width: 370px) 100vw, 370px\" \/><\/td>\n<\/tr>\n<tr valign=\"middle\">\n<td><img loading=\"lazy\" decoding=\"async\" class=\"alignnone wp-image-231\" src=\"http:\/\/www.rhgl.com.br\/wp-content\/uploads\/nutanix.png\" alt=\"\" width=\"200\" height=\"36\" srcset=\"https:\/\/www.rhgl.com.br\/wp-content\/uploads\/nutanix.png 5792w, https:\/\/www.rhgl.com.br\/wp-content\/uploads\/nutanix-300x54.png 300w, https:\/\/www.rhgl.com.br\/wp-content\/uploads\/nutanix-768x139.png 768w, https:\/\/www.rhgl.com.br\/wp-content\/uploads\/nutanix-1024x186.png 1024w\" sizes=\"(max-width: 200px) 100vw, 200px\" \/><\/td>\n<td>\n<p id=\"tw-target-text\" class=\"tw-data-text tw-ta tw-text-small\" dir=\"ltr\" data-placeholder=\"Tradu\u00e7\u00e3o\"><span lang=\"pt\">A Nutanix torna a infra-estrutura invis\u00edvel, elevando a TI para se concentrar nas aplica\u00e7\u00f5es e servi\u00e7os<br \/>\nque alimentam seus neg\u00f3cios. A Nutanix Enterprise Cloud Platform combina a engenharia de escala da web<br \/>\ne o design de n\u00edvel consumidor para converter nativamente o servidor, armazenamento, virtualiza\u00e7\u00e3o e rede<br \/>\nem uma solu\u00e7\u00e3o resiliente e definida por software com intelig\u00eancia de m\u00e1quina rica.<\/span><\/p>\n<p><a href=\"http:\/\/www.nutanix.com\">www.nutanix.com<\/a><\/td>\n<\/tr>\n<tr>\n<td colspan=\"2\" height=\"40\"><img loading=\"lazy\" decoding=\"async\" class=\"alignnone size-full wp-image-237\" src=\"http:\/\/www.rhgl.com.br\/wp-content\/uploads\/line-news-home.jpg\" alt=\"\" width=\"370\" height=\"10\" srcset=\"https:\/\/www.rhgl.com.br\/wp-content\/uploads\/line-news-home.jpg 370w, https:\/\/www.rhgl.com.br\/wp-content\/uploads\/line-news-home-300x8.jpg 300w\" sizes=\"(max-width: 370px) 100vw, 370px\" \/><\/td>\n<\/tr>\n<tr valign=\"middle\">\n<td><img loading=\"lazy\" decoding=\"async\" class=\"wp-image-228 alignnone\" src=\"http:\/\/www.rhgl.com.br\/wp-content\/uploads\/citrix.jpg\" alt=\"\" width=\"150\" height=\"66\" srcset=\"https:\/\/www.rhgl.com.br\/wp-content\/uploads\/citrix.jpg 176w, https:\/\/www.rhgl.com.br\/wp-content\/uploads\/citrix-174x77.jpg 174w\" sizes=\"(max-width: 150px) 100vw, 150px\" \/><\/td>\n<td>A Citrix oferece flexibilidade e controle para transformar o trabalho e manter a empresa avan\u00e7ando. As organiza\u00e7\u00f5es de hoje est\u00e3o testando os limites do que \u00e9 poss\u00edvel, e a TI est\u00e1 em uma posi\u00e7\u00e3o \u00fanica para ajudar nessa tarefa. Garanta que o seu pessoal tenha a capacidade de trabalhar em qualquer lugar, proteja os seus aplicativos e dados e prepare a sua organiza\u00e7\u00e3o para adotar a nova tecnologia com Citrix. Quando voc\u00ea estiver pronto para acelerar a oportunidade, n\u00f3s entregaremos as solu\u00e7\u00f5es, a flexibilidade e o controle para gerenciar tudo com seguran\u00e7a.<\/p>\n<p><a href=\"http:\/\/www.citrix.com\">www.citrix.com<\/a><\/td>\n<\/tr>\n<p><!--\n\n\n<tr>\n\n\n<td colspan=\"2\" height=\"40\"><img loading=\"lazy\" decoding=\"async\" class=\"alignnone size-full wp-image-237\" src=\"http:\/\/www.rhgl.com.br\/wp-content\/uploads\/line-news-home.jpg\" alt=\"\" width=\"370\" height=\"10\" srcset=\"https:\/\/www.rhgl.com.br\/wp-content\/uploads\/line-news-home.jpg 370w, https:\/\/www.rhgl.com.br\/wp-content\/uploads\/line-news-home-300x8.jpg 300w\" sizes=\"(max-width: 370px) 100vw, 370px\" \/><\/td>\n\n\n<\/tr>\n\n\n\n\n<tr valign=\"middle\">\n\n\n<td><img loading=\"lazy\" decoding=\"async\" class=\"alignnone size-full wp-image-234\" src=\"http:\/\/www.rhgl.com.br\/wp-content\/uploads\/vm.jpg\" alt=\"\" width=\"165\" height=\"35\" \/><\/td>\n\n\n\n\n<td><span class=\"SubItemTela\">VMware<\/span>\n<a href=\"http:\/\/www.vmware.com\/br\/\" target=\"_blank\">www.vmware.com\/br\/<\/a><\/td>\n\n\n<\/tr>\n\n\n--><\/tbody>\n<\/table>\n","protected":false},"excerpt":{"rendered":"<p>&nbsp; Lideran\u00e7a em storage e gerenciamento de dados Dedica\u00e7\u00e3o ao seu sucesso, agora e no futuro.\u00a0Desde a sua funda\u00e7\u00e3o, em 1992, a NetApp ajuda empresas de todos os portes a obter vantagem competitiva, inovando com mais rapidez e economia do que os concorrentes. Globalmente, fornecedores de servi\u00e7os atendem a mais de um bilh\u00e3o de clientes <a href=\"https:\/\/www.rhgl.com.br\/?page_id=224\" rel=\"nofollow\"><span class=\"sr-only\">Read more about Parceiros<\/span>[&#8230;]<\/a><\/p>\n","protected":false},"author":1,"featured_media":0,"parent":0,"menu_order":0,"comment_status":"closed","ping_status":"closed","template":"template-fullwidth-no-title.php","meta":{"footnotes":""},"_links":{"self":[{"href":"https:\/\/www.rhgl.com.br\/index.php?rest_route=\/wp\/v2\/pages\/224"}],"collection":[{"href":"https:\/\/www.rhgl.com.br\/index.php?rest_route=\/wp\/v2\/pages"}],"about":[{"href":"https:\/\/www.rhgl.com.br\/index.php?rest_route=\/wp\/v2\/types\/page"}],"author":[{"embeddable":true,"href":"https:\/\/www.rhgl.com.br\/index.php?rest_route=\/wp\/v2\/users\/1"}],"replies":[{"embeddable":true,"href":"https:\/\/www.rhgl.com.br\/index.php?rest_route=%2Fwp%2Fv2%2Fcomments&post=224"}],"version-history":[{"count":14,"href":"https:\/\/www.rhgl.com.br\/index.php?rest_route=\/wp\/v2\/pages\/224\/revisions"}],"predecessor-version":[{"id":330,"href":"https:\/\/www.rhgl.com.br\/index.php?rest_route=\/wp\/v2\/pages\/224\/revisions\/330"}],"wp:attachment":[{"href":"https:\/\/www.rhgl.com.br\/index.php?rest_route=%2Fwp%2Fv2%2Fmedia&parent=224"}],"curies":[{"name":"wp","href":"https:\/\/api.w.org\/{rel}","templated":true}]}}