{"id":259,"date":"2017-04-24T20:16:10","date_gmt":"2017-04-24T23:16:10","guid":{"rendered":"http:\/\/www.rhgl.com.br\/?page_id=259"},"modified":"2017-04-24T21:20:27","modified_gmt":"2017-04-25T00:20:27","slug":"servicos-de-ti","status":"publish","type":"page","link":"https:\/\/www.rhgl.com.br\/?page_id=259","title":{"rendered":"Servi\u00e7os de TI"},"content":{"rendered":"<h2 style=\"text-align: center;\">\u00a0<img loading=\"lazy\" decoding=\"async\" class=\"wp-image-292 alignleft\" src=\"http:\/\/www.rhgl.com.br\/wp-content\/uploads\/picture-monitoring-icon-data.png\" alt=\"\" width=\"80\" height=\"58\" \/>Monitoramento<\/h2>\n<p>&nbsp;<\/p>\n<p>A grande maioria das empresas de hoje s\u00e3o dependentes da tecnologia em seu neg\u00f3cio. Por isso, as \u00e1reas respons\u00e1veis pela TI precisam evitar que o usu\u00e1rio final identifique um erro na infraestrutura antes da equipe que a administra ou permitir que a diretoria da empresa seja avisada pelo usu\u00e1rio de que existe um erro impactando em seu neg\u00f3cio. Al\u00e9m disso n\u00e3o podemos perder o controle do crescimento da infraestrutura evitando gastos desnecess\u00e1rios com o superdimensionamento de equipamentos.<\/p>\n<p>N\u00f3s da\u00a0RHGL monitoramos sua infraestrutura com um NOC (Network Operations Center) hospedado em nuvem 24 horas por dia 7 dias por semana. Caso um incidente esteja prestes a acontecer e enviamos um alerta a sua equipe para que ela tome todas as medidas poss\u00edveis para evitar este incidente. Enviamos tamb\u00e9m mensalmente um relat\u00f3rio de disponibilidade e gr\u00e1ficos de desempenho e utiliza\u00e7\u00e3o do seu ambiente tornando poss\u00edvel planejar de forma segura a compra de novos equipamentos ou mesmo um poss\u00edvel gargalo na rede.<\/p>\n<p>&nbsp;<\/p>\n<h2 style=\"text-align: center;\"><img loading=\"lazy\" decoding=\"async\" class=\"wp-image-270 alignleft\" src=\"http:\/\/www.rhgl.com.br\/wp-content\/uploads\/chart_graph_line_arrow_diagram-512.png\" alt=\"\" width=\"80\" height=\"80\" srcset=\"https:\/\/www.rhgl.com.br\/wp-content\/uploads\/chart_graph_line_arrow_diagram-512.png 512w, https:\/\/www.rhgl.com.br\/wp-content\/uploads\/chart_graph_line_arrow_diagram-512-150x150.png 150w, https:\/\/www.rhgl.com.br\/wp-content\/uploads\/chart_graph_line_arrow_diagram-512-300x300.png 300w, https:\/\/www.rhgl.com.br\/wp-content\/uploads\/chart_graph_line_arrow_diagram-512-250x250.png 250w, https:\/\/www.rhgl.com.br\/wp-content\/uploads\/chart_graph_line_arrow_diagram-512-174x174.png 174w\" sizes=\"(max-width: 80px) 100vw, 80px\" \/>Vantagens<\/h2>\n<p>&nbsp;<\/p>\n<p>Manuten\u00e7\u00e3o proativa &#8211; antecipando os problemas antes que ocorram<br \/>\nMenor tempo de parada &#8211; diagnostico mais assertivo<br \/>\nDesempenho &#8211; localiza\u00e7\u00e3o de gargalos<br \/>\nProdutividade &#8211; direcione melhor seus recursos<\/p>\n<p>&nbsp;<\/p>\n<h2 style=\"text-align: center;\"><img loading=\"lazy\" decoding=\"async\" class=\"wp-image-272 alignleft\" src=\"http:\/\/www.rhgl.com.br\/wp-content\/uploads\/people.png\" alt=\"\" width=\"100\" height=\"72\" srcset=\"https:\/\/www.rhgl.com.br\/wp-content\/uploads\/people.png 361w, https:\/\/www.rhgl.com.br\/wp-content\/uploads\/people-300x216.png 300w\" sizes=\"(max-width: 100px) 100vw, 100px\" \/>Sobre a nossa equipe<\/h2>\n<p>&nbsp;<\/p>\n<p>Dispomos de uma equipe de profissionais certificados e com experi\u00eancia no mercado que buscam sempre superar as expectativas de nossos clientes. Confian\u00e7a e Qualidade s\u00e3o caracter\u00edsticas essenciais dentro das nossas execu\u00e7\u00f5es. Somos parceiros de diversos fabricantes e possu\u00edmos contato direto com sua equipe de suporte, possibilitando a abertura e condu\u00e7\u00e3o dos chamados, tornando-se assim seu \u00fanico ponto de contato e aliviando a necessidade de equipe bil\u00edngue.<\/p>\n<p>&nbsp;<\/p>\n<h2 style=\"text-align: center;\"><img loading=\"lazy\" decoding=\"async\" class=\"wp-image-251 alignleft\" src=\"http:\/\/www.rhgl.com.br\/wp-content\/uploads\/hands.png\" alt=\"\" width=\"80\" height=\"52\" srcset=\"https:\/\/www.rhgl.com.br\/wp-content\/uploads\/hands.png 455w, https:\/\/www.rhgl.com.br\/wp-content\/uploads\/hands-300x196.png 300w\" sizes=\"(max-width: 80px) 100vw, 80px\" \/>\u00a0 Indicado para<\/h2>\n<p>&nbsp;<\/p>\n<p>&#8211; Empresas que desejam suporte e gerencia de toda sua infraestrutura de T.I.<br \/>\n&#8211; M\u00e9dias e grandes empresas que necessitam de suporte terceiro n\u00edvel em determinadas tecnologias.<br \/>\n&#8211; Empresas que necessitam de m\u00e3o de obra terceirizada residente.<br \/>\n&#8211; Empresas que n\u00e3o possuem equipe bil\u00edngue para abertura de chamados diretamente com o fabricante.<\/p>\n<p>&nbsp;<\/p>\n<h2 style=\"text-align: center;\">Algumas das Vantagens do Suporte\u00a0<img loading=\"lazy\" decoding=\"async\" class=\"wp-image-295 alignleft\" src=\"http:\/\/www.rhgl.com.br\/wp-content\/uploads\/vantagens.jpg\" alt=\"\" width=\"64\" height=\"90\" srcset=\"https:\/\/www.rhgl.com.br\/wp-content\/uploads\/vantagens.jpg 367w, https:\/\/www.rhgl.com.br\/wp-content\/uploads\/vantagens-212x300.jpg 212w\" sizes=\"(max-width: 64px) 100vw, 64px\" \/><\/h2>\n<p>&nbsp;<\/p>\n<p>&nbsp;<\/p>\n<p>&#8211; Profissionais altamente capacitados e certificados.<br \/>\n&#8211; Profissionais bil\u00edngues.<br \/>\n&#8211; Relat\u00f3rios de chamados mensais.<br \/>\n&#8211; Monitoramento.<br \/>\n&#8211; Abertura de chamado com fabricantes.<\/p>\n","protected":false},"excerpt":{"rendered":"<p>\u00a0Monitoramento &nbsp; A grande maioria das empresas de hoje s\u00e3o dependentes da tecnologia em seu neg\u00f3cio. Por isso, as \u00e1reas respons\u00e1veis pela TI precisam evitar que o usu\u00e1rio final identifique um erro na infraestrutura antes da equipe que a administra ou permitir que a diretoria da empresa seja avisada pelo usu\u00e1rio de que existe um <a href=\"https:\/\/www.rhgl.com.br\/?page_id=259\" rel=\"nofollow\"><span class=\"sr-only\">Read more about Servi\u00e7os de TI<\/span>[&#8230;]<\/a><\/p>\n","protected":false},"author":1,"featured_media":0,"parent":0,"menu_order":0,"comment_status":"closed","ping_status":"closed","template":"template-fullwidth-no-title.php","meta":{"footnotes":""},"_links":{"self":[{"href":"https:\/\/www.rhgl.com.br\/index.php?rest_route=\/wp\/v2\/pages\/259"}],"collection":[{"href":"https:\/\/www.rhgl.com.br\/index.php?rest_route=\/wp\/v2\/pages"}],"about":[{"href":"https:\/\/www.rhgl.com.br\/index.php?rest_route=\/wp\/v2\/types\/page"}],"author":[{"embeddable":true,"href":"https:\/\/www.rhgl.com.br\/index.php?rest_route=\/wp\/v2\/users\/1"}],"replies":[{"embeddable":true,"href":"https:\/\/www.rhgl.com.br\/index.php?rest_route=%2Fwp%2Fv2%2Fcomments&post=259"}],"version-history":[{"count":9,"href":"https:\/\/www.rhgl.com.br\/index.php?rest_route=\/wp\/v2\/pages\/259\/revisions"}],"predecessor-version":[{"id":300,"href":"https:\/\/www.rhgl.com.br\/index.php?rest_route=\/wp\/v2\/pages\/259\/revisions\/300"}],"wp:attachment":[{"href":"https:\/\/www.rhgl.com.br\/index.php?rest_route=%2Fwp%2Fv2%2Fmedia&parent=259"}],"curies":[{"name":"wp","href":"https:\/\/api.w.org\/{rel}","templated":true}]}}