{"id":79,"date":"2017-02-05T00:16:42","date_gmt":"2017-02-05T02:16:42","guid":{"rendered":"http:\/\/www.rhgl.com.br\/?page_id=79"},"modified":"2017-05-04T20:30:41","modified_gmt":"2017-05-04T23:30:41","slug":"entrega-de-aplicacoes","status":"publish","type":"page","link":"https:\/\/www.rhgl.com.br\/?page_id=79","title":{"rendered":"Entrega de Aplica\u00e7\u00f5es"},"content":{"rendered":"<h1 style=\"text-align: center;\"><img loading=\"lazy\" decoding=\"async\" class=\"alignnone size-full wp-image-55\" src=\"http:\/\/www.rhgl.com.br\/wp-content\/uploads\/ADC_10_PP.png\" alt=\"\" width=\"80\" height=\"80\" \/><\/h1>\n<h1 class=\"tit5\" style=\"text-align: center;\">Entrega de Aplica\u00e7\u00f5es<\/h1>\n<p>&nbsp;<\/p>\n<p>O enorme crescimento dos aplicativos, suas variedades e particularidades, hoje exige uma evolu\u00e7\u00e3o na entrega de aplicativos.<\/p>\n<p>Com isso o balanceamento de carga evoluiu para algo muito maior, que \u00e9 a entrega de aplicativo, que inclui al\u00e9m do tradicional balanceamento de carga para entregar qualquer aplicativo, tamb\u00e9m recursos de seguran\u00e7a, desempenho e servi\u00e7os de gerenciamento. Todos esses servi\u00e7os ajudam voc\u00ea a conseguir processar seus aplicativos de forma mais r\u00e1pida, segura e controlada, dando-lhe um diferencial competitivo em seu mercado .<\/p>\n<p>Nosso cat\u00e1logo de solu\u00e7\u00f5es de <strong>Entrega de Aplica\u00e7\u00f5es<\/strong> e nossa experi\u00eancia em ajudar nossos clientes e manter suas as aplica\u00e7\u00f5es r\u00e1pidas, dispon\u00edveis e seguras constituem a base de toda a nossa oferta.<\/p>\n<p>&nbsp;<\/p>\n<p>&nbsp;<\/p>\n<h1 class=\"tit5\" style=\"text-align: center;\">Disponibilidade, Rapidez e Flexibilidade<\/h1>\n<p>&nbsp;<\/p>\n<p>Clientes e funcion\u00e1rios dependem de seus aplicativos. Os clientes esperam um acesso r\u00e1pido e ininterrupto a aplicativos \u00e0 qualquer hora e em qualquer lugar. Os funcion\u00e1rios esperam o mesmo. E muitas vezes est\u00e3o acessando aplicativos corporativos em dispositivos m\u00f3veis, incluindo os seus pr\u00f3prios.<\/p>\n<p>Se sua organiza\u00e7\u00e3o n\u00e3o consegue atender \u00e0s expectativas de seus clientes, eles podem facilmente encontrar uma alternativa. E quando os funcion\u00e1rios n\u00e3o conseguem utilizar aplicativos empresariais devidamente, a produtividade est\u00e1 em risco.<\/p>\n<p>Para manter todos os usu\u00e1rios satisfeitos, nossas solu\u00e7\u00f5es ajudam a acelerar o tempo de resposta do aplicativo, a minimizar atrasos e lat\u00eancia propiciando uma entrega e fluxo r\u00e1pido na Web.<\/p>\n<h1 style=\"text-align: center;\"><\/h1>\n","protected":false},"excerpt":{"rendered":"<p>Entrega de Aplica\u00e7\u00f5es &nbsp; O enorme crescimento dos aplicativos, suas variedades e particularidades, hoje exige uma evolu\u00e7\u00e3o na entrega de aplicativos. Com isso o balanceamento de carga evoluiu para algo muito maior, que \u00e9 a entrega de aplicativo, que inclui al\u00e9m do tradicional balanceamento de carga para entregar qualquer aplicativo, tamb\u00e9m recursos de seguran\u00e7a, desempenho <a href=\"https:\/\/www.rhgl.com.br\/?page_id=79\" rel=\"nofollow\"><span class=\"sr-only\">Read more about Entrega de Aplica\u00e7\u00f5es<\/span>[&#8230;]<\/a><\/p>\n","protected":false},"author":1,"featured_media":0,"parent":0,"menu_order":0,"comment_status":"closed","ping_status":"closed","template":"template-fullwidth-no-title.php","meta":{"footnotes":""},"_links":{"self":[{"href":"https:\/\/www.rhgl.com.br\/index.php?rest_route=\/wp\/v2\/pages\/79"}],"collection":[{"href":"https:\/\/www.rhgl.com.br\/index.php?rest_route=\/wp\/v2\/pages"}],"about":[{"href":"https:\/\/www.rhgl.com.br\/index.php?rest_route=\/wp\/v2\/types\/page"}],"author":[{"embeddable":true,"href":"https:\/\/www.rhgl.com.br\/index.php?rest_route=\/wp\/v2\/users\/1"}],"replies":[{"embeddable":true,"href":"https:\/\/www.rhgl.com.br\/index.php?rest_route=%2Fwp%2Fv2%2Fcomments&post=79"}],"version-history":[{"count":7,"href":"https:\/\/www.rhgl.com.br\/index.php?rest_route=\/wp\/v2\/pages\/79\/revisions"}],"predecessor-version":[{"id":331,"href":"https:\/\/www.rhgl.com.br\/index.php?rest_route=\/wp\/v2\/pages\/79\/revisions\/331"}],"wp:attachment":[{"href":"https:\/\/www.rhgl.com.br\/index.php?rest_route=%2Fwp%2Fv2%2Fmedia&parent=79"}],"curies":[{"name":"wp","href":"https:\/\/api.w.org\/{rel}","templated":true}]}}