{"id":81,"date":"2017-02-05T00:16:58","date_gmt":"2017-02-05T02:16:58","guid":{"rendered":"http:\/\/www.rhgl.com.br\/?page_id=81"},"modified":"2017-05-02T08:37:29","modified_gmt":"2017-05-02T11:37:29","slug":"seguranca","status":"publish","type":"page","link":"https:\/\/www.rhgl.com.br\/?page_id=81","title":{"rendered":"Seguran\u00e7a"},"content":{"rendered":"<h1 class=\"tit5\" style=\"text-align: center;\"><img loading=\"lazy\" decoding=\"async\" class=\"alignnone size-full wp-image-57\" src=\"http:\/\/www.rhgl.com.br\/wp-content\/uploads\/Sec_PP.png\" alt=\"\" width=\"90\" height=\"73\" \/><\/h1>\n<h1 class=\"tit5\" style=\"text-align: center;\">Seguran\u00e7a<\/h1>\n<p>&nbsp;<\/p>\n<p class=\"lead\">Confidencialidade das informa\u00e7\u00f5es corporativas, integridade dos dados, disponibilidade dos sistemas e recupera\u00e7\u00e3o em caso de desastres. Assegurar a prote\u00e7\u00e3o e a confian\u00e7a \u00e9 fundamental para garantir a continuidade de seus neg\u00f3cios.<\/p>\n<div>\n<p>A informa\u00e7\u00e3o \u00e9 tida como um dos ativos mais importantes de uma organiza\u00e7\u00e3o. Com a sofistica\u00e7\u00e3o das amea\u00e7as, faz-se necess\u00e1rio o aumento das medidas de prote\u00e7\u00e3o \u00e0s informa\u00e7\u00f5es. Neste cen\u00e1rio, com capacidade reconhecida pelos principais fornecedores e atestada pelas mais importantes certifica\u00e7\u00f5es, oferecemos aos nossos clientes solu\u00e7\u00f5es completas e integradas para a mitiga\u00e7\u00e3o de riscos, que abrange desde a an\u00e1lise da ader\u00eancia \u00e0s melhores pr\u00e1ticas e regulamenta\u00e7\u00f5es de mercado, design e implementa\u00e7\u00e3o de ferramentas de ponta at\u00e9 a elabora\u00e7\u00e3o e a implementa\u00e7\u00e3o de pol\u00edticas e processos de seguran\u00e7a da informa\u00e7\u00e3o.<\/p>\n<h1 style=\"text-align: center;\">FIREWALL<\/h1>\n<p>&nbsp;<\/p>\n<\/div>\n<p>A RHGL\u00a0possui um vasto conhecimento em tecnologias voltadas para seguran\u00e7a da informa\u00e7\u00e3o. Desde de solu\u00e7\u00f5es de Firewall, \u00e0 ferramentas de IPS, HIDS e NIDS que possibilitam mostrar tentativas de invas\u00e3o ou falhas de autentica\u00e7\u00e3o em servi\u00e7os ou no pr\u00f3prio sistema operacional. Em um painel web din\u00e2mico e de f\u00e1cil visualiza\u00e7\u00e3o. Integrando um HIDS com IPS, \u00e9 poss\u00edvel que na tentativa de invas\u00e3o, a ferramenta de IPS j\u00e1 fa\u00e7a o bloqueio da origem sem nenhuma interven\u00e7\u00e3o do administrador, tirando a possibilidade do invasor continuar com suas tentativas.<\/p>\n<p>A RHGL\u00a0utiliza ferramentas dispon\u00edveis no mercado para fazer a seguran\u00e7a da sua empresa.<\/p>\n<p>Geralmente, um firewall \u00e9 utilizado para restringir o acesso de terceiros a servi\u00e7os e\/ou informa\u00e7\u00f5es confidenciais localizados em um host acess\u00edvel via Internet, de forma que somente hosts permitidos possam ter acesso a tais servi\u00e7os e\/ou informa\u00e7\u00f5es.<\/p>\n<p><i class=\"icon-ok\"><\/i> A implementa\u00e7\u00e3o da RHGL\u00a0tenta fornecer o m\u00e1ximo de seguran\u00e7a poss\u00edvel, utilizando o conceito de bloquear o tr\u00e1fego de pacotes em todos os sentidos (da Internet para o firewall, do firewall para Internet, da rede interna para a Internet e da Internet para rede interna) e liberando somente o que for estritamente necess\u00e1rio.<\/p>\n<h1 style=\"text-align: center;\"><i class=\"icon-ok\"><\/i>PROXY<\/h1>\n<p>&nbsp;<\/p>\n<p>Acesso a sites de conte\u00fado impr\u00f3prio e ainda mais, dentro do expediente de trabalho ?<\/p>\n<p>A principal funcionalidade de um servidor proxy \u00e9, acelerar o acesso a sites Web atrav\u00e9s do uso da tecnologia de \u201ccaching\u201d de sites acessados localmente, de forma que acessos futuros n\u00e3o precisem ser feitos ao site original mas sim uma c\u00f3pia em cache no disco do servidor proxy local. No entanto, bloqueios podem acontecer.<\/p>\n<p>&nbsp;<\/p>\n<h1 style=\"text-align: center;\">VPN<\/h1>\n<p>&nbsp;<\/p>\n<p>Precisa de acesso a rede interna da empresa de forma segura e com acesso a servidores\/servi\u00e7os que at\u00e9 ent\u00e3o seria apenas para quem estivesse na rede interna ?<\/p>\n<p>A VPN (Virtual Private Network ou VPN) \u00e9 uma rede de comunica\u00e7\u00f5es privada normalmente utilizada por uma empresa ou um conjunto de empresas. \u00c9 implementada em cima de uma rede de comunica\u00e7\u00f5es p\u00fablica como, por exemplo, a Internet. O tr\u00e1fego de dados \u00e9 levado pela rede p\u00fablica utilizando protocolos padr\u00e3o e de forma segura.<\/p>\n<p>Esses sistemas utilizam a criptografia e outros mecanismos de seguran\u00e7a para garantir que somente usu\u00e1rios autorizados possam ter acesso \u00e0 rede privada e que nenhum dado ser\u00e1 interceptado enquanto estiver passando pela rede p\u00fablica<\/p>\n<p>&nbsp;<\/p>\n<h1 style=\"text-align: center;\">Parceiros<\/h1>\n<p><img loading=\"lazy\" decoding=\"async\" class=\"alignnone wp-image-208\" src=\"http:\/\/www.rhgl.com.br\/wp-content\/uploads\/Kaspersky.png\" alt=\"\" width=\"200\" height=\"55\" srcset=\"https:\/\/www.rhgl.com.br\/wp-content\/uploads\/Kaspersky.png 2000w, https:\/\/www.rhgl.com.br\/wp-content\/uploads\/Kaspersky-300x83.png 300w, https:\/\/www.rhgl.com.br\/wp-content\/uploads\/Kaspersky-768x212.png 768w, https:\/\/www.rhgl.com.br\/wp-content\/uploads\/Kaspersky-1024x282.png 1024w\" sizes=\"(max-width: 200px) 100vw, 200px\" \/><\/p>\n","protected":false},"excerpt":{"rendered":"<p>Seguran\u00e7a &nbsp; Confidencialidade das informa\u00e7\u00f5es corporativas, integridade dos dados, disponibilidade dos sistemas e recupera\u00e7\u00e3o em caso de desastres. Assegurar a prote\u00e7\u00e3o e a confian\u00e7a \u00e9 fundamental para garantir a continuidade de seus neg\u00f3cios. A informa\u00e7\u00e3o \u00e9 tida como um dos ativos mais importantes de uma organiza\u00e7\u00e3o. Com a sofistica\u00e7\u00e3o das amea\u00e7as, faz-se necess\u00e1rio o aumento <a href=\"https:\/\/www.rhgl.com.br\/?page_id=81\" rel=\"nofollow\"><span class=\"sr-only\">Read more about Seguran\u00e7a<\/span>[&#8230;]<\/a><\/p>\n","protected":false},"author":1,"featured_media":0,"parent":0,"menu_order":0,"comment_status":"closed","ping_status":"closed","template":"template-fullwidth-no-title.php","meta":{"footnotes":""},"_links":{"self":[{"href":"https:\/\/www.rhgl.com.br\/index.php?rest_route=\/wp\/v2\/pages\/81"}],"collection":[{"href":"https:\/\/www.rhgl.com.br\/index.php?rest_route=\/wp\/v2\/pages"}],"about":[{"href":"https:\/\/www.rhgl.com.br\/index.php?rest_route=\/wp\/v2\/types\/page"}],"author":[{"embeddable":true,"href":"https:\/\/www.rhgl.com.br\/index.php?rest_route=\/wp\/v2\/users\/1"}],"replies":[{"embeddable":true,"href":"https:\/\/www.rhgl.com.br\/index.php?rest_route=%2Fwp%2Fv2%2Fcomments&post=81"}],"version-history":[{"count":14,"href":"https:\/\/www.rhgl.com.br\/index.php?rest_route=\/wp\/v2\/pages\/81\/revisions"}],"predecessor-version":[{"id":312,"href":"https:\/\/www.rhgl.com.br\/index.php?rest_route=\/wp\/v2\/pages\/81\/revisions\/312"}],"wp:attachment":[{"href":"https:\/\/www.rhgl.com.br\/index.php?rest_route=%2Fwp%2Fv2%2Fmedia&parent=81"}],"curies":[{"name":"wp","href":"https:\/\/api.w.org\/{rel}","templated":true}]}}