{"id":83,"date":"2017-02-05T00:17:13","date_gmt":"2017-02-05T02:17:13","guid":{"rendered":"http:\/\/www.rhgl.com.br\/?page_id=83"},"modified":"2017-02-09T01:32:37","modified_gmt":"2017-02-09T03:32:37","slug":"rh","status":"publish","type":"page","link":"https:\/\/www.rhgl.com.br\/?page_id=83","title":{"rendered":"Recursos Humanos"},"content":{"rendered":"<div id=\"pl-83\"  class=\"panel-layout\" ><div id=\"pg-83-0\"  class=\"panel-grid panel-no-style\" ><div id=\"pgc-83-0-0\"  class=\"panel-grid-cell panel-grid-cell-empty\" ><\/div><\/div><div id=\"pg-83-1\"  class=\"panel-grid panel-no-style\" ><div id=\"pgc-83-1-0\"  class=\"panel-grid-cell\" ><div id=\"panel-83-1-0-0\" class=\"so-panel widget widget_sow-image panel-first-child\" data-index=\"0\" ><div\n\t\t\t\n\t\t\tclass=\"so-widget-sow-image so-widget-sow-image-default-c67d20f9f743-83\"\n\t\t\t\n\t\t>\n\n<div class=\"sow-image-container\">\n\t\t<img loading=\"lazy\" decoding=\"async\" src=\"https:\/\/www.rhgl.com.br\/wp-content\/uploads\/RH_services_150.png\" width=\"150\" height=\"150\" sizes=\"(max-width: 150px) 100vw, 150px\" alt=\"\" \t\tclass=\"so-widget-image\"\/>\n\t<\/div>\n\n<\/div><\/div><div id=\"panel-83-1-0-1\" class=\"so-panel widget widget_text\" data-index=\"1\" >\t\t\t<div class=\"textwidget\"><h1 style=\"text-align: center; font-size: 20px;\" >CISRH - Consultoria, Capacita\u00e7\u00e3o e Suporte a Sistemas de RH<\/h1><\/div>\n\t\t<\/div><div id=\"panel-83-1-0-2\" class=\"so-panel widget widget_text panel-last-child\" data-index=\"2\" >\t\t\t<div class=\"textwidget\">- Atendimento consultivo e personalizado para demandas eventuais e pontuais. <br><br>\n- Metodologia flex\u00edvel para implanta\u00e7\u00e3o r\u00e1pida e segura. <br><br>\n- Suporte com atendimento operacional atrav\u00e9s de chamados por ticket.<\/div>\n\t\t<\/div><\/div><div id=\"pgc-83-1-1\"  class=\"panel-grid-cell\" ><div id=\"panel-83-1-1-0\" class=\"so-panel widget widget_sow-image panel-first-child\" data-index=\"3\" ><div\n\t\t\t\n\t\t\tclass=\"so-widget-sow-image so-widget-sow-image-default-c67d20f9f743-83\"\n\t\t\t\n\t\t>\n\n<div class=\"sow-image-container\">\n\t\t<img loading=\"lazy\" decoding=\"async\" src=\"https:\/\/www.rhgl.com.br\/wp-content\/uploads\/RH_150.png\" width=\"150\" height=\"150\" sizes=\"(max-width: 150px) 100vw, 150px\" alt=\"\" \t\tclass=\"so-widget-image\"\/>\n\t<\/div>\n\n<\/div><\/div><div id=\"panel-83-1-1-1\" class=\"so-panel widget widget_text\" data-index=\"4\" >\t\t\t<div class=\"textwidget\"><h1 style=\"text-align: center; font-size: 20px;\" >MRPe - Mapeamento e Revis\u00e3o de Processos de RH + eSocial<\/h1><\/div>\n\t\t<\/div><div id=\"panel-83-1-1-2\" class=\"so-panel widget widget_text panel-last-child\" data-index=\"5\" >\t\t\t<div class=\"textwidget\">- Cen\u00e1rio Atual. <br><br>\n- Cen\u00e1rio Proposto. <br><br>\n- An\u00e1lise de Gaps.<br><br>\n- Adapta\u00e7\u00e3o \/ Implanta\u00e7\u00e3o do Novo Processo.<\/div>\n\t\t<\/div><\/div><div id=\"pgc-83-1-2\"  class=\"panel-grid-cell\" ><div id=\"panel-83-1-2-0\" class=\"so-panel widget widget_sow-image panel-first-child\" data-index=\"6\" ><div\n\t\t\t\n\t\t\tclass=\"so-widget-sow-image so-widget-sow-image-default-c67d20f9f743-83\"\n\t\t\t\n\t\t>\n\n<div class=\"sow-image-container\">\n\t\t<img loading=\"lazy\" decoding=\"async\" src=\"https:\/\/www.rhgl.com.br\/wp-content\/uploads\/SW_150.jpg\" width=\"150\" height=\"150\" sizes=\"(max-width: 150px) 100vw, 150px\" alt=\"\" \t\tclass=\"so-widget-image\"\/>\n\t<\/div>\n\n<\/div><\/div><div id=\"panel-83-1-2-1\" class=\"so-panel widget widget_text\" data-index=\"7\" >\t\t\t<div class=\"textwidget\"><h1 style=\"text-align: center; font-size: 20px;\" >VSRH - Venda de Sistemas de RH<\/h1><\/div>\n\t\t<\/div><div id=\"panel-83-1-2-2\" class=\"so-panel widget widget_text panel-last-child\" data-index=\"8\" >\t\t\t<div class=\"textwidget\"><br>\n- Atendimento consultivo e personalizado para demandas eventuais e pontuais. <br><br>\n- Metodologia flex\u00edvel para implanta\u00e7\u00e3o r\u00e1pida e segura. <br><br>\n- Suporte com atendimento operacional atrav\u00e9s de chamados por ticket.<\/div>\n\t\t<\/div><\/div><\/div><div id=\"pg-83-2\"  class=\"panel-grid panel-no-style\" ><div id=\"pgc-83-2-0\"  class=\"panel-grid-cell panel-grid-cell-empty\" ><\/div><div id=\"pgc-83-2-1\"  class=\"panel-grid-cell panel-grid-cell-empty panel-grid-cell-mobile-last\" ><\/div><div id=\"pgc-83-2-2\"  class=\"panel-grid-cell panel-grid-cell-empty\" ><\/div><\/div><\/div>","protected":false},"excerpt":{"rendered":"<p>CISRH &#8211; Consultoria, Capacita\u00e7\u00e3o e Suporte a Sistemas de RH &#8211; Atendimento consultivo e personalizado para demandas eventuais e pontuais. &#8211; Metodologia flex\u00edvel para implanta\u00e7\u00e3o r\u00e1pida e segura. &#8211; Suporte com atendimento operacional atrav\u00e9s de chamados por ticket. MRPe &#8211; Mapeamento e Revis\u00e3o de Processos de RH + eSocial &#8211; Cen\u00e1rio Atual. &#8211; Cen\u00e1rio Proposto. <a href=\"https:\/\/www.rhgl.com.br\/?page_id=83\" rel=\"nofollow\"><span class=\"sr-only\">Read more about Recursos Humanos<\/span>[&#8230;]<\/a><\/p>\n","protected":false},"author":1,"featured_media":0,"parent":0,"menu_order":0,"comment_status":"closed","ping_status":"closed","template":"template-fullwidth.php","meta":{"footnotes":""},"_links":{"self":[{"href":"https:\/\/www.rhgl.com.br\/index.php?rest_route=\/wp\/v2\/pages\/83"}],"collection":[{"href":"https:\/\/www.rhgl.com.br\/index.php?rest_route=\/wp\/v2\/pages"}],"about":[{"href":"https:\/\/www.rhgl.com.br\/index.php?rest_route=\/wp\/v2\/types\/page"}],"author":[{"embeddable":true,"href":"https:\/\/www.rhgl.com.br\/index.php?rest_route=\/wp\/v2\/users\/1"}],"replies":[{"embeddable":true,"href":"https:\/\/www.rhgl.com.br\/index.php?rest_route=%2Fwp%2Fv2%2Fcomments&post=83"}],"version-history":[{"count":17,"href":"https:\/\/www.rhgl.com.br\/index.php?rest_route=\/wp\/v2\/pages\/83\/revisions"}],"predecessor-version":[{"id":193,"href":"https:\/\/www.rhgl.com.br\/index.php?rest_route=\/wp\/v2\/pages\/83\/revisions\/193"}],"wp:attachment":[{"href":"https:\/\/www.rhgl.com.br\/index.php?rest_route=%2Fwp%2Fv2%2Fmedia&parent=83"}],"curies":[{"name":"wp","href":"https:\/\/api.w.org\/{rel}","templated":true}]}}