{"id":97,"date":"2017-02-05T00:50:22","date_gmt":"2017-02-05T02:50:22","guid":{"rendered":"http:\/\/www.rhgl.com.br\/?page_id=97"},"modified":"2017-02-09T02:56:35","modified_gmt":"2017-02-09T04:56:35","slug":"projetos-ti","status":"publish","type":"page","link":"https:\/\/www.rhgl.com.br\/?page_id=97","title":{"rendered":"Metodologia de Projetos"},"content":{"rendered":"<div id=\"pl-97\"  class=\"panel-layout\" ><div id=\"pg-97-0\"  class=\"panel-grid panel-no-style\" ><div id=\"pgc-97-0-0\"  class=\"panel-grid-cell panel-grid-cell-empty\" ><\/div><\/div><div id=\"pg-97-1\"  class=\"panel-grid panel-no-style\" ><div id=\"pgc-97-1-0\"  class=\"panel-grid-cell\" ><div id=\"panel-97-1-0-0\" class=\"so-panel widget widget_sow-image panel-first-child panel-last-child\" data-index=\"0\" ><div\n\t\t\t\n\t\t\tclass=\"so-widget-sow-image so-widget-sow-image-default-c67d20f9f743-97\"\n\t\t\t\n\t\t>\n\n<div class=\"sow-image-container\">\n\t\t<img loading=\"lazy\" decoding=\"async\" src=\"https:\/\/www.rhgl.com.br\/wp-content\/uploads\/Ciclo_2_1.png\" width=\"218\" height=\"650\" srcset=\"https:\/\/www.rhgl.com.br\/wp-content\/uploads\/Ciclo_2_1.png 218w, https:\/\/www.rhgl.com.br\/wp-content\/uploads\/Ciclo_2_1-101x300.png 101w\" sizes=\"(max-width: 218px) 100vw, 218px\" alt=\"\" \t\tclass=\"so-widget-image\"\/>\n\t<\/div>\n\n<\/div><\/div><\/div><div id=\"pgc-97-1-1\"  class=\"panel-grid-cell\" ><div id=\"panel-97-1-1-0\" class=\"so-panel widget widget_sow-editor panel-first-child panel-last-child\" data-index=\"1\" ><div class=\"panel-widget-style panel-widget-style-for-97-1-1-0\" ><div\n\t\t\t\n\t\t\tclass=\"so-widget-sow-editor so-widget-sow-editor-base\"\n\t\t\t\n\t\t>\n<div class=\"siteorigin-widget-tinymce textwidget\">\n\t<p>Devido a concorr\u00eancia e aos diversos desafios que o mercado imp\u00f5e, a RHGL Solutions possui total ci\u00eancia da import\u00e2ncia que um projeto bem sucedido e bem estruturado pode agregar ao neg\u00f3cio de nossos clientes. Para atender estas expectativas, nossa metodologia de projetos \u00e9 baseada nas boas pr\u00e1ticas do PMI (Project Management institute).<\/p>\n<p>Nosso departamento de projetos possui o \"know-how\" adequado e profissionais experientes para a perfeita execu\u00e7\u00e3o e entrega dos projetos, sempre alinhado aos resultados, objetivos e estrat\u00e9gias de neg\u00f3cio de nossos clientes.<\/p>\n<p>Utilizar a metodologia adequada para o gerenciamento e execu\u00e7\u00e3o dos projetos n\u00e3o possui somente como objetivo a qualidade de entrega, almejamos tamb\u00e9m poder contribuir trazendo muitos outros benef\u00edcios para a corpora\u00e7\u00e3o:<\/p>\n<ul>\n<li><em>- Redu\u00e7\u00e3o de custos com projetos em atraso e diminui\u00e7\u00e3o do n\u00famero de projetos cancelados;<\/em><\/li>\n<li><em>- Redu\u00e7\u00e3o do retrabalho, aumento da produtividade e melhor aloca\u00e7\u00e3o dos recursos criticos do projeto;<\/em><\/li>\n<li><em>- Maior alinhamento do projetos com os objetivos e estrat\u00e9gias da organiza\u00e7\u00e3o;<\/em><\/li>\n<li><em>- Redu\u00e7\u00e3o nas altera\u00e7\u00f5es do escopo dos projetos;<\/em><\/li>\n<li><em>- Acesso mais r\u00e1pido a informa\u00e7\u00f5es de maior qualidade;<\/em><\/li>\n<li><em>- Melhor fluxo da comunica\u00e7\u00e3o entre as equipes de projetos e os stakeholders;<\/em><\/li>\n<li><em>- Melhoria da imagem da organiza\u00e7\u00e3o;<\/em><\/li>\n<li><em>- Maior clareza na percep\u00e7\u00e3o dos impactos dos projetos na organiza\u00e7\u00e3o.<\/em><\/li>\n<li><em>- Antecipar as situa\u00e7\u00f5es desfavor\u00e1veis que poder\u00e3o ser encontradas, para que a\u00e7\u00f5es preventivas e corretivas possam ser tomadas antes que essas situa\u00e7\u00f5es se consolidem como problemas;<\/em><\/li>\n<li><em>- Agilidade para tomada de decis\u00f5es, j\u00e1 que as informa\u00e7\u00f5es est\u00e3o estruturadas e disponibilizadas;<\/em><\/li>\n<li><em>- Devido a documenta\u00e7\u00e3o gerado pelo projeto, facilita as estimativas para futuros projetos e oferece uma importante ferramenta de compartilhamento de conhecimento organizacional para toda a institui\u00e7\u00e3o.<\/em><\/li>\n<\/ul>\n<\/div>\n<\/div><\/div><\/div><\/div><\/div><\/div>","protected":false},"excerpt":{"rendered":"<p>Devido a concorr\u00eancia e aos diversos desafios que o mercado imp\u00f5e, a RHGL Solutions possui total ci\u00eancia da import\u00e2ncia que um projeto bem sucedido e bem estruturado pode agregar ao neg\u00f3cio de nossos clientes. Para atender estas expectativas, nossa metodologia de projetos \u00e9 baseada nas boas pr\u00e1ticas do PMI (Project Management institute).Nosso departamento de projetos <a href=\"https:\/\/www.rhgl.com.br\/?page_id=97\" rel=\"nofollow\"><span class=\"sr-only\">Read more about Metodologia de Projetos<\/span>[&#8230;]<\/a><\/p>\n","protected":false},"author":1,"featured_media":0,"parent":0,"menu_order":0,"comment_status":"closed","ping_status":"closed","template":"template-fullwidth.php","meta":{"footnotes":""},"_links":{"self":[{"href":"https:\/\/www.rhgl.com.br\/index.php?rest_route=\/wp\/v2\/pages\/97"}],"collection":[{"href":"https:\/\/www.rhgl.com.br\/index.php?rest_route=\/wp\/v2\/pages"}],"about":[{"href":"https:\/\/www.rhgl.com.br\/index.php?rest_route=\/wp\/v2\/types\/page"}],"author":[{"embeddable":true,"href":"https:\/\/www.rhgl.com.br\/index.php?rest_route=\/wp\/v2\/users\/1"}],"replies":[{"embeddable":true,"href":"https:\/\/www.rhgl.com.br\/index.php?rest_route=%2Fwp%2Fv2%2Fcomments&post=97"}],"version-history":[{"count":19,"href":"https:\/\/www.rhgl.com.br\/index.php?rest_route=\/wp\/v2\/pages\/97\/revisions"}],"predecessor-version":[{"id":166,"href":"https:\/\/www.rhgl.com.br\/index.php?rest_route=\/wp\/v2\/pages\/97\/revisions\/166"}],"wp:attachment":[{"href":"https:\/\/www.rhgl.com.br\/index.php?rest_route=%2Fwp%2Fv2%2Fmedia&parent=97"}],"curies":[{"name":"wp","href":"https:\/\/api.w.org\/{rel}","templated":true}]}}